{"id":1034,"date":"2023-11-06T16:08:13","date_gmt":"2023-11-06T19:08:13","guid":{"rendered":"http:\/\/mtcom.com.br\/?page_id=1034"},"modified":"2024-01-02T16:28:03","modified_gmt":"2024-01-02T19:28:03","slug":"mtcom","status":"publish","type":"page","link":"https:\/\/mtcom.com.br\/?page_id=1034","title":{"rendered":"Sobre n\u00f3s"},"content":{"rendered":"\t\t<div data-elementor-type=\"wp-page\" data-elementor-id=\"1034\" class=\"elementor elementor-1034\" data-elementor-post-type=\"page\">\n\t\t\t\t\t\t<header class=\"elementor-section elementor-top-section elementor-element elementor-element-32eb4b4c elementor-section-stretched elementor-section-full_width elementor-section-height-default elementor-section-height-default\" data-id=\"32eb4b4c\" data-element_type=\"section\" data-settings=\"{&quot;stretch_section&quot;:&quot;section-stretched&quot;,&quot;background_background&quot;:&quot;classic&quot;}\">\n\t\t\t\t\t\t\t<div class=\"elementor-background-overlay\"><\/div>\n\t\t\t\t\t\t\t<div class=\"elementor-container elementor-column-gap-no\">\n\t\t\t\t\t<div class=\"elementor-column elementor-col-100 elementor-top-column elementor-element elementor-element-6fb5238a\" data-id=\"6fb5238a\" data-element_type=\"column\">\n\t\t\t<div class=\"elementor-widget-wrap elementor-element-populated\">\n\t\t\t\t\t\t<section class=\"elementor-section elementor-inner-section elementor-element elementor-element-fc803bd elementor-section-boxed elementor-section-height-default elementor-section-height-default\" data-id=\"fc803bd\" data-element_type=\"section\" data-settings=\"{&quot;background_background&quot;:&quot;classic&quot;}\">\n\t\t\t\t\t\t\t<div class=\"elementor-background-overlay\"><\/div>\n\t\t\t\t\t\t\t<div class=\"elementor-container elementor-column-gap-default\">\n\t\t\t\t\t<div class=\"elementor-column elementor-col-50 elementor-inner-column elementor-element elementor-element-6abdcfe5\" data-id=\"6abdcfe5\" data-element_type=\"column\">\n\t\t\t<div class=\"elementor-widget-wrap elementor-element-populated\">\n\t\t\t\t\t\t<div class=\"elementor-element elementor-element-a91cf24 elementor-invisible elementor-widget elementor-widget-heading\" data-id=\"a91cf24\" data-element_type=\"widget\" data-settings=\"{&quot;_animation&quot;:&quot;fadeInUp&quot;}\" data-widget_type=\"heading.default\">\n\t\t\t\t<div class=\"elementor-widget-container\">\n\t\t\t<h1 class=\"elementor-heading-title elementor-size-default\">Sobre n\u00f3s<\/h1>\t\t<\/div>\n\t\t\t\t<\/div>\n\t\t\t\t\t<\/div>\n\t\t<\/div>\n\t\t\t\t<div class=\"elementor-column elementor-col-50 elementor-inner-column elementor-element elementor-element-4eac9086\" data-id=\"4eac9086\" data-element_type=\"column\">\n\t\t\t<div class=\"elementor-widget-wrap elementor-element-populated\">\n\t\t\t\t\t\t<div class=\"elementor-element elementor-element-3cb59b81 elementor-invisible elementor-widget elementor-widget-text-editor\" data-id=\"3cb59b81\" data-element_type=\"widget\" data-settings=\"{&quot;_animation&quot;:&quot;fadeInUp&quot;,&quot;_animation_delay&quot;:200}\" data-widget_type=\"text-editor.default\">\n\t\t\t\t<div class=\"elementor-widget-container\">\n\t\t\t\t\t\t\t<p>A MTcom se destaca como uma empresa pioneira em Seguran\u00e7a Eletr\u00f4nica, TI, Telecom, \u00c1udio e V\u00eddeo. Com 18 anos de trajet\u00f3ria inovadora<\/p>\t\t\t\t\t\t<\/div>\n\t\t\t\t<\/div>\n\t\t\t\t\t<\/div>\n\t\t<\/div>\n\t\t\t\t\t<\/div>\n\t\t<\/section>\n\t\t\t\t\t<\/div>\n\t\t<\/div>\n\t\t\t\t\t<\/div>\n\t\t<\/header>\n\t\t\t\t<section class=\"elementor-section elementor-top-section elementor-element elementor-element-50febcb0 elementor-section-boxed elementor-section-height-default elementor-section-height-default\" data-id=\"50febcb0\" data-element_type=\"section\" data-settings=\"{&quot;background_background&quot;:&quot;classic&quot;}\">\n\t\t\t\t\t\t<div class=\"elementor-container elementor-column-gap-default\">\n\t\t\t\t\t<div class=\"elementor-column elementor-col-50 elementor-top-column elementor-element elementor-element-61729c9a\" data-id=\"61729c9a\" data-element_type=\"column\">\n\t\t\t<div class=\"elementor-widget-wrap elementor-element-populated\">\n\t\t\t\t\t\t<div class=\"elementor-element elementor-element-64161a1d elementor-invisible elementor-widget elementor-widget-heading\" data-id=\"64161a1d\" data-element_type=\"widget\" data-settings=\"{&quot;_animation&quot;:&quot;fadeInDown&quot;}\" data-widget_type=\"heading.default\">\n\t\t\t\t<div class=\"elementor-widget-container\">\n\t\t\t<h2 class=\"elementor-heading-title elementor-size-default\">Quem somos?<\/h2>\t\t<\/div>\n\t\t\t\t<\/div>\n\t\t\t\t<div class=\"elementor-element elementor-element-620a1ed1 elementor-widget elementor-widget-text-editor\" data-id=\"620a1ed1\" data-element_type=\"widget\" data-widget_type=\"text-editor.default\">\n\t\t\t\t<div class=\"elementor-widget-container\">\n\t\t\t\t\t\t\t<p><span style=\"color: #374151; font-family: S\u00f6hne, ui-sans-serif, system-ui, -apple-system, 'Segoe UI', Roboto, Ubuntu, Cantarell, 'Noto Sans', sans-serif, 'Helvetica Neue', Arial, 'Apple Color Emoji', 'Segoe UI Emoji', 'Segoe UI Symbol', 'Noto Color Emoji'; letter-spacing: normal; white-space-collapse: preserve;\"> Origin\u00e1ria da Zona Norte do Rio de Janeiro, nossa empresa se tornou sin\u00f4nimo de confian\u00e7a e seguran\u00e7a entre nossos clientes. Nosso foco \u00e9 ir al\u00e9m do convencional, trazendo solu\u00e7\u00f5es personalizadas e estrat\u00e9gicas, que atendem \u00e0s demandas \u00fanicas de cada um de nossos parceiros.<\/span><\/p><p><span style=\"color: #374151; font-family: S\u00f6hne, ui-sans-serif, system-ui, -apple-system, 'Segoe UI', Roboto, Ubuntu, Cantarell, 'Noto Sans', sans-serif, 'Helvetica Neue', Arial, 'Apple Color Emoji', 'Segoe UI Emoji', 'Segoe UI Symbol', 'Noto Color Emoji'; letter-spacing: normal; white-space-collapse: preserve;\">Nossa equipe \u00e9 composta por profissionais altamente qualificados, treinados e certificados, garantindo n\u00e3o apenas a seguran\u00e7a do seu patrim\u00f4nio e de seus colaboradores, mas tamb\u00e9m oferecendo resultados de excel\u00eancia em solu\u00e7\u00f5es integradas. O compromisso da MTcom com a inova\u00e7\u00e3o e o bem-estar dos clientes se reflete em cada projeto e servi\u00e7o que oferecemos.<\/span><\/p>\t\t\t\t\t\t<\/div>\n\t\t\t\t<\/div>\n\t\t\t\t<div class=\"elementor-element elementor-element-22e5b083 e-grid-align-left e-grid-align-mobile-center elementor-shape-rounded elementor-grid-0 elementor-invisible elementor-widget elementor-widget-social-icons\" data-id=\"22e5b083\" data-element_type=\"widget\" data-settings=\"{&quot;_animation&quot;:&quot;fadeInUp&quot;}\" data-widget_type=\"social-icons.default\">\n\t\t\t\t<div class=\"elementor-widget-container\">\n\t\t\t\t\t<div class=\"elementor-social-icons-wrapper elementor-grid\">\n\t\t\t\t\t\t\t<span class=\"elementor-grid-item\">\n\t\t\t\t\t<a class=\"elementor-icon elementor-social-icon elementor-social-icon-facebook-f elementor-repeater-item-b883a87\" target=\"_blank\">\n\t\t\t\t\t\t<span class=\"elementor-screen-only\">Facebook-f<\/span>\n\t\t\t\t\t\t<i class=\"fab fa-facebook-f\"><\/i>\t\t\t\t\t<\/a>\n\t\t\t\t<\/span>\n\t\t\t\t\t\t\t<span class=\"elementor-grid-item\">\n\t\t\t\t\t<a class=\"elementor-icon elementor-social-icon elementor-social-icon-instagram elementor-repeater-item-594482a\" href=\"https:\/\/www.instagram.com\/mtcom_\/\" target=\"_blank\">\n\t\t\t\t\t\t<span class=\"elementor-screen-only\">Instagram<\/span>\n\t\t\t\t\t\t<i class=\"fab fa-instagram\"><\/i>\t\t\t\t\t<\/a>\n\t\t\t\t<\/span>\n\t\t\t\t\t\t\t<span class=\"elementor-grid-item\">\n\t\t\t\t\t<a class=\"elementor-icon elementor-social-icon elementor-social-icon-linkedin elementor-repeater-item-bcd31f2\" target=\"_blank\">\n\t\t\t\t\t\t<span class=\"elementor-screen-only\">Linkedin<\/span>\n\t\t\t\t\t\t<i class=\"fab fa-linkedin\"><\/i>\t\t\t\t\t<\/a>\n\t\t\t\t<\/span>\n\t\t\t\t\t<\/div>\n\t\t\t\t<\/div>\n\t\t\t\t<\/div>\n\t\t\t\t\t<\/div>\n\t\t<\/div>\n\t\t\t\t<div class=\"elementor-column elementor-col-50 elementor-top-column elementor-element elementor-element-5dccdeac\" data-id=\"5dccdeac\" data-element_type=\"column\" data-settings=\"{&quot;background_background&quot;:&quot;classic&quot;}\">\n\t\t\t<div class=\"elementor-widget-wrap elementor-element-populated\">\n\t\t\t\t\t\t<div class=\"elementor-element elementor-element-796b3f6c elementor-invisible elementor-widget elementor-widget-image\" data-id=\"796b3f6c\" data-element_type=\"widget\" data-settings=\"{&quot;_animation&quot;:&quot;zoomIn&quot;,&quot;_animation_delay&quot;:50}\" data-widget_type=\"image.default\">\n\t\t\t\t<div class=\"elementor-widget-container\">\n\t\t\t\t\t\t\t\t\t\t\t\t\t<img fetchpriority=\"high\" decoding=\"async\" width=\"768\" height=\"507\" src=\"https:\/\/mtcom.com.br\/wp-content\/uploads\/2023\/12\/1-2-768x507.png\" class=\"attachment-medium_large size-medium_large wp-image-1437\" alt=\"\" srcset=\"https:\/\/mtcom.com.br\/wp-content\/uploads\/2023\/12\/1-2-768x507.png 768w, https:\/\/mtcom.com.br\/wp-content\/uploads\/2023\/12\/1-2-300x198.png 300w, https:\/\/mtcom.com.br\/wp-content\/uploads\/2023\/12\/1-2-1024x676.png 1024w, https:\/\/mtcom.com.br\/wp-content\/uploads\/2023\/12\/1-2.png 1293w\" sizes=\"(max-width: 768px) 100vw, 768px\" \/>\t\t\t\t\t\t\t\t\t\t\t\t\t<\/div>\n\t\t\t\t<\/div>\n\t\t\t\t\t<\/div>\n\t\t<\/div>\n\t\t\t\t\t<\/div>\n\t\t<\/section>\n\t\t\t\t<section class=\"elementor-section elementor-top-section elementor-element elementor-element-2d500629 elementor-section-boxed elementor-section-height-default elementor-section-height-default\" data-id=\"2d500629\" data-element_type=\"section\" data-settings=\"{&quot;background_background&quot;:&quot;classic&quot;}\">\n\t\t\t\t\t\t<div class=\"elementor-container elementor-column-gap-default\">\n\t\t\t\t\t<div class=\"elementor-column elementor-col-50 elementor-top-column elementor-element elementor-element-54e33132 elementor-invisible\" data-id=\"54e33132\" data-element_type=\"column\" data-settings=\"{&quot;background_background&quot;:&quot;classic&quot;,&quot;animation&quot;:&quot;fadeInLeft&quot;}\">\n\t\t\t<div class=\"elementor-widget-wrap elementor-element-populated\">\n\t\t\t\t\t\t<div class=\"elementor-element elementor-element-7cd638de elementor-invisible elementor-widget elementor-widget-image\" data-id=\"7cd638de\" data-element_type=\"widget\" data-settings=\"{&quot;_animation&quot;:&quot;zoomIn&quot;,&quot;_animation_delay&quot;:50}\" data-widget_type=\"image.default\">\n\t\t\t\t<div class=\"elementor-widget-container\">\n\t\t\t\t\t\t\t\t\t\t\t\t\t<img decoding=\"async\" width=\"1920\" height=\"1080\" src=\"https:\/\/mtcom.com.br\/wp-content\/uploads\/2023\/12\/MTcom-1.png\" class=\"attachment-full size-full wp-image-1567\" alt=\"\" srcset=\"https:\/\/mtcom.com.br\/wp-content\/uploads\/2023\/12\/MTcom-1.png 1920w, https:\/\/mtcom.com.br\/wp-content\/uploads\/2023\/12\/MTcom-1-300x169.png 300w, https:\/\/mtcom.com.br\/wp-content\/uploads\/2023\/12\/MTcom-1-1024x576.png 1024w, https:\/\/mtcom.com.br\/wp-content\/uploads\/2023\/12\/MTcom-1-768x432.png 768w, https:\/\/mtcom.com.br\/wp-content\/uploads\/2023\/12\/MTcom-1-1536x864.png 1536w, https:\/\/mtcom.com.br\/wp-content\/uploads\/2023\/12\/elementor\/thumbs\/MTcom-1-qhhkuqlxz5xdilch7wnx8ug53gmol483s3qqauo3re.png 570w\" sizes=\"(max-width: 1920px) 100vw, 1920px\" \/>\t\t\t\t\t\t\t\t\t\t\t\t\t<\/div>\n\t\t\t\t<\/div>\n\t\t\t\t\t<\/div>\n\t\t<\/div>\n\t\t\t\t<div class=\"elementor-column elementor-col-50 elementor-top-column elementor-element elementor-element-75cd039d\" data-id=\"75cd039d\" data-element_type=\"column\">\n\t\t\t<div class=\"elementor-widget-wrap elementor-element-populated\">\n\t\t\t\t\t\t<div class=\"elementor-element elementor-element-338c0696 elementor-widget elementor-widget-heading\" data-id=\"338c0696\" data-element_type=\"widget\" data-widget_type=\"heading.default\">\n\t\t\t\t<div class=\"elementor-widget-container\">\n\t\t\t<h2 class=\"elementor-heading-title elementor-size-default\">Nossa Miss\u00e3o<\/h2>\t\t<\/div>\n\t\t\t\t<\/div>\n\t\t\t\t<div class=\"elementor-element elementor-element-33eb508f elementor-widget elementor-widget-text-editor\" data-id=\"33eb508f\" data-element_type=\"widget\" data-widget_type=\"text-editor.default\">\n\t\t\t\t<div class=\"elementor-widget-container\">\n\t\t\t\t\t\t\t<p><span style=\"color: #374151; font-family: S\u00f6hne, ui-sans-serif, system-ui, -apple-system, 'Segoe UI', Roboto, Ubuntu, Cantarell, 'Noto Sans', sans-serif, 'Helvetica Neue', Arial, 'Apple Color Emoji', 'Segoe UI Emoji', 'Segoe UI Symbol', 'Noto Color Emoji'; letter-spacing: normal; white-space-collapse: preserve;\">Na MTcom, nossa miss\u00e3o vai al\u00e9m da mera oferta de equipamentos de seguran\u00e7a e infraestrutura tecnol\u00f3gica. Estamos empenhados em criar conex\u00f5es significativas, transformando neg\u00f3cios e impulsionando nossos clientes rumo ao sucesso. Com um olhar atento \u00e0s necessidades individuais, elaboramos projetos de seguran\u00e7a personalizados para resid\u00eancias e empresas, fornecendo os melhores equipamentos do mercado, acompanhados de um servi\u00e7o de instala\u00e7\u00e3o, monitoramento e manuten\u00e7\u00e3o excepcional.<\/span><\/p>\t\t\t\t\t\t<\/div>\n\t\t\t\t<\/div>\n\t\t\t\t\t<\/div>\n\t\t<\/div>\n\t\t\t\t\t<\/div>\n\t\t<\/section>\n\t\t\t\t<section class=\"elementor-section elementor-top-section elementor-element elementor-element-32960c93 elementor-section-height-min-height elementor-section-boxed elementor-section-height-default elementor-section-items-middle\" data-id=\"32960c93\" data-element_type=\"section\" data-settings=\"{&quot;background_background&quot;:&quot;classic&quot;}\">\n\t\t\t\t\t\t<div class=\"elementor-container elementor-column-gap-default\">\n\t\t\t\t\t<div class=\"elementor-column elementor-col-50 elementor-top-column elementor-element elementor-element-46d82a04\" data-id=\"46d82a04\" data-element_type=\"column\" data-settings=\"{&quot;background_background&quot;:&quot;classic&quot;}\">\n\t\t\t<div class=\"elementor-widget-wrap elementor-element-populated\">\n\t\t\t\t\t\t<section class=\"elementor-section elementor-inner-section elementor-element elementor-element-1bc67b8 elementor-section-content-middle elementor-section-boxed elementor-section-height-default elementor-section-height-default\" data-id=\"1bc67b8\" data-element_type=\"section\">\n\t\t\t\t\t\t<div class=\"elementor-container elementor-column-gap-narrow\">\n\t\t\t\t\t<div class=\"elementor-column elementor-col-100 elementor-inner-column elementor-element elementor-element-1ffd79e5\" data-id=\"1ffd79e5\" data-element_type=\"column\" data-settings=\"{&quot;background_background&quot;:&quot;classic&quot;}\">\n\t\t\t<div class=\"elementor-widget-wrap elementor-element-populated\">\n\t\t\t\t\t\t<div class=\"elementor-element elementor-element-4b42d68d elementor-widget elementor-widget-counter\" data-id=\"4b42d68d\" data-element_type=\"widget\" data-widget_type=\"counter.default\">\n\t\t\t\t<div class=\"elementor-widget-container\">\n\t\t\t\t\t<div class=\"elementor-counter\">\n\t\t\t<div class=\"elementor-counter-title\">Anos de Atua\u00e7\u00e3o<\/div>\t\t\t<div class=\"elementor-counter-number-wrapper\">\n\t\t\t\t<span class=\"elementor-counter-number-prefix\"><\/span>\n\t\t\t\t<span class=\"elementor-counter-number\" data-duration=\"2000\" data-to-value=\"18\" data-from-value=\"0\">0<\/span>\n\t\t\t\t<span class=\"elementor-counter-number-suffix\"><\/span>\n\t\t\t<\/div>\n\t\t<\/div>\n\t\t\t\t<\/div>\n\t\t\t\t<\/div>\n\t\t\t\t\t<\/div>\n\t\t<\/div>\n\t\t\t\t\t<\/div>\n\t\t<\/section>\n\t\t\t\t\t<\/div>\n\t\t<\/div>\n\t\t\t\t<div class=\"elementor-column elementor-col-50 elementor-top-column elementor-element elementor-element-5f572447\" data-id=\"5f572447\" data-element_type=\"column\" data-settings=\"{&quot;background_background&quot;:&quot;classic&quot;}\">\n\t\t\t<div class=\"elementor-widget-wrap elementor-element-populated\">\n\t\t\t\t\t\t<div class=\"elementor-element elementor-element-9fa4f5e elementor-widget elementor-widget-heading\" data-id=\"9fa4f5e\" data-element_type=\"widget\" data-widget_type=\"heading.default\">\n\t\t\t\t<div class=\"elementor-widget-container\">\n\t\t\t<h2 class=\"elementor-heading-title elementor-size-default\">Considera\u00e7\u00f5es finais<\/h2>\t\t<\/div>\n\t\t\t\t<\/div>\n\t\t\t\t<div class=\"elementor-element elementor-element-f0b1beb elementor-widget elementor-widget-text-editor\" data-id=\"f0b1beb\" data-element_type=\"widget\" data-widget_type=\"text-editor.default\">\n\t\t\t\t<div class=\"elementor-widget-container\">\n\t\t\t\t\t\t\t<p>Destacamos a nossa s\u00f3lida trajet\u00f3ria de 18 anos no mercado de Seguran\u00e7a Eletr\u00f4nica. Esta jornada nos permitiu desenvolver uma compreens\u00e3o profunda das necessidades em constante evolu\u00e7\u00e3o no campo da tecnologia e seguran\u00e7a.<\/p>\t\t\t\t\t\t<\/div>\n\t\t\t\t<\/div>\n\t\t\t\t<div class=\"elementor-element elementor-element-8cefcf elementor-widget elementor-widget-text-editor\" data-id=\"8cefcf\" data-element_type=\"widget\" data-widget_type=\"text-editor.default\">\n\t\t\t\t<div class=\"elementor-widget-container\">\n\t\t\t\t\t\t\t<p>Agradecemos a sua visita e interesse em nossa empresa. Estamos sempre \u00e0 disposi\u00e7\u00e3o para esclarecer d\u00favidas, discutir suas necessidades espec\u00edficas e explorar como nossas solu\u00e7\u00f5es podem ajudar a transformar e proteger o seu neg\u00f3cio.<\/p>\t\t\t\t\t\t<\/div>\n\t\t\t\t<\/div>\n\t\t\t\t\t<\/div>\n\t\t<\/div>\n\t\t\t\t\t<\/div>\n\t\t<\/section>\n\t\t\t\t<\/div>\n\t\t","protected":false},"excerpt":{"rendered":"<p>Sobre n\u00f3s A MTcom se destaca como uma empresa pioneira em Seguran\u00e7a Eletr\u00f4nica, TI, Telecom, \u00c1udio e V\u00eddeo. Com 18 anos de trajet\u00f3ria inovadora Quem somos? Origin\u00e1ria da Zona Norte do Rio de Janeiro, nossa empresa se tornou sin\u00f4nimo de confian\u00e7a e seguran\u00e7a entre nossos clientes. Nosso foco \u00e9 ir al\u00e9m do convencional, trazendo solu\u00e7\u00f5es [&hellip;]<\/p>\n","protected":false},"author":1,"featured_media":0,"parent":0,"menu_order":0,"comment_status":"closed","ping_status":"closed","template":"elementor_header_footer","meta":{"footnotes":""},"class_list":["post-1034","page","type-page","status-publish","hentry"],"_links":{"self":[{"href":"https:\/\/mtcom.com.br\/index.php?rest_route=\/wp\/v2\/pages\/1034"}],"collection":[{"href":"https:\/\/mtcom.com.br\/index.php?rest_route=\/wp\/v2\/pages"}],"about":[{"href":"https:\/\/mtcom.com.br\/index.php?rest_route=\/wp\/v2\/types\/page"}],"author":[{"embeddable":true,"href":"https:\/\/mtcom.com.br\/index.php?rest_route=\/wp\/v2\/users\/1"}],"replies":[{"embeddable":true,"href":"https:\/\/mtcom.com.br\/index.php?rest_route=%2Fwp%2Fv2%2Fcomments&post=1034"}],"version-history":[{"count":30,"href":"https:\/\/mtcom.com.br\/index.php?rest_route=\/wp\/v2\/pages\/1034\/revisions"}],"predecessor-version":[{"id":1749,"href":"https:\/\/mtcom.com.br\/index.php?rest_route=\/wp\/v2\/pages\/1034\/revisions\/1749"}],"wp:attachment":[{"href":"https:\/\/mtcom.com.br\/index.php?rest_route=%2Fwp%2Fv2%2Fmedia&parent=1034"}],"curies":[{"name":"wp","href":"https:\/\/api.w.org\/{rel}","templated":true}]}}